{"id":2375,"date":"2025-03-12T11:03:25","date_gmt":"2025-03-12T10:03:25","guid":{"rendered":"https:\/\/www.oros.it\/esg\/"},"modified":"2026-03-14T12:46:21","modified_gmt":"2026-03-14T11:46:21","slug":"esg","status":"publish","type":"page","link":"https:\/\/www.oros.it\/fr\/esg\/","title":{"rendered":"ESG"},"content":{"rendered":"<style>.elementor-2375 .elementor-element.elementor-element-9c714df:not(.elementor-motion-effects-element-type-background), .elementor-2375 .elementor-element.elementor-element-9c714df > .elementor-motion-effects-container > .elementor-motion-effects-layer{background-image:url(\"https:\/\/www.oros.it\/wp-content\/uploads\/2025\/03\/sostenibilita.jpg\");background-position:center center;background-repeat:no-repeat;background-size:cover;}.elementor-2375 .elementor-element.elementor-element-9c714df > .elementor-background-overlay{background-color:#000000;opacity:0.77;transition:background 0.3s, border-radius 0.3s, opacity 0.3s;}.elementor-2375 .elementor-element.elementor-element-9c714df{transition:background 0.3s, border 0.3s, border-radius 0.3s, box-shadow 0.3s;margin-top:0px;margin-bottom:0px;padding:100px 0px 100px 0px;}.elementor-2375 .elementor-element.elementor-element-cecaab0{text-align:center;}.elementor-2375 .elementor-element.elementor-element-cecaab0 .elementor-heading-title{font-family:\"Barlow\", Sans-serif;font-size:42px;font-weight:700;line-height:1.1em;letter-spacing:3.2px;color:#FFFFFF;}.elementor-2375 .elementor-element.elementor-element-0e5a525{text-align:center;}.elementor-2375 .elementor-element.elementor-element-0e5a525 .elementor-heading-title{font-family:\"Barlow\", Sans-serif;font-size:28px;font-weight:500;line-height:1.1em;color:#FFFFFF;}.elementor-2375 .elementor-element.elementor-element-e3d1b3e > .elementor-container > .elementor-column > .elementor-widget-wrap{align-content:center;align-items:center;}.elementor-2375 .elementor-element.elementor-element-e3d1b3e:not(.elementor-motion-effects-element-type-background), .elementor-2375 .elementor-element.elementor-element-e3d1b3e > .elementor-motion-effects-container > .elementor-motion-effects-layer{background-color:var( --e-global-color-f9b08ed );}.elementor-2375 .elementor-element.elementor-element-e3d1b3e{transition:background 0.3s, border 0.3s, border-radius 0.3s, box-shadow 0.3s;padding:25px 0px 25px 0px;}.elementor-2375 .elementor-element.elementor-element-e3d1b3e > .elementor-background-overlay{transition:background 0.3s, border-radius 0.3s, opacity 0.3s;}.elementor-2375 .elementor-element.elementor-element-ee4dcfb{font-family:var( --e-global-typography-text-font-family ), Sans-serif;font-size:var( --e-global-typography-text-font-size );font-weight:var( --e-global-typography-text-font-weight );color:#FFFFFF;}.elementor-2375 .elementor-element.elementor-element-a9ecd5d > .elementor-container > .elementor-column > .elementor-widget-wrap{align-content:center;align-items:center;}.elementor-2375 .elementor-element.elementor-element-a9ecd5d:not(.elementor-motion-effects-element-type-background), .elementor-2375 .elementor-element.elementor-element-a9ecd5d > .elementor-motion-effects-container > .elementor-motion-effects-layer{background-color:var( --e-global-color-f9b08ed );}.elementor-2375 .elementor-element.elementor-element-a9ecd5d{transition:background 0.3s, border 0.3s, border-radius 0.3s, box-shadow 0.3s;padding:0px 0px 100px 0px;}.elementor-2375 .elementor-element.elementor-element-a9ecd5d > .elementor-background-overlay{transition:background 0.3s, border-radius 0.3s, opacity 0.3s;}.elementor-2375 .elementor-element.elementor-element-075db0f{border-style:solid;border-width:0px 0px 8px 0px;border-color:var( --e-global-color-1afebba );padding:0px 0px 10px 0px;}.elementor-bc-flex-widget .elementor-2375 .elementor-element.elementor-element-6d8d71b.elementor-column .elementor-widget-wrap{align-items:center;}.elementor-2375 .elementor-element.elementor-element-6d8d71b.elementor-column.elementor-element[data-element_type=\"column\"] > .elementor-widget-wrap.elementor-element-populated{align-content:center;align-items:center;}.elementor-2375 .elementor-element.elementor-element-6d8d71b > .elementor-widget-wrap > .elementor-widget:not(.elementor-widget__width-auto):not(.elementor-widget__width-initial):not(:last-child):not(.elementor-absolute){margin-block-end:5px;}.elementor-2375 .elementor-element.elementor-element-fce7903 .elementor-heading-title{font-family:\"Barlow\", Sans-serif;font-size:32px;font-weight:700;line-height:1.1em;color:var( --e-global-color-b5775f2 );}.elementor-2375 .elementor-element.elementor-element-fce7903 > .elementor-widget-container{padding:0px 20px 0px 0px;}.elementor-2375 .elementor-element.elementor-element-4c2ee4a .elementor-heading-title{font-family:var( --e-global-typography-d09097b-font-family ), Sans-serif;font-size:var( --e-global-typography-d09097b-font-size );font-weight:var( --e-global-typography-d09097b-font-weight );line-height:var( --e-global-typography-d09097b-line-height );letter-spacing:var( --e-global-typography-d09097b-letter-spacing );word-spacing:var( --e-global-typography-d09097b-word-spacing );color:var( --e-global-color-3d4765a );}.elementor-2375 .elementor-element.elementor-element-4c2ee4a > .elementor-widget-container{margin:0px 0px -5px 0px;}.elementor-2375 .elementor-element.elementor-element-c47b78c .elementor-button-content-wrapper{flex-direction:row;}.elementor-2375 .elementor-element.elementor-element-c47b78c .elementor-button{text-transform:uppercase;font-style:normal;text-decoration:none;border-radius:3px 3px 3px 3px;padding:18px 18px 18px 18px;}:root{--page-title-display:none;}@media(max-width:1024px){.elementor-2375 .elementor-element.elementor-element-e3d1b3e{padding:80px 10px 80px 10px;}.elementor-2375 .elementor-element.elementor-element-ee4dcfb{font-size:var( --e-global-typography-text-font-size );}.elementor-2375 .elementor-element.elementor-element-a9ecd5d{padding:80px 10px 80px 10px;}.elementor-2375 .elementor-element.elementor-element-4c2ee4a .elementor-heading-title{font-size:var( --e-global-typography-d09097b-font-size );line-height:var( --e-global-typography-d09097b-line-height );letter-spacing:var( --e-global-typography-d09097b-letter-spacing );word-spacing:var( --e-global-typography-d09097b-word-spacing );}}@media(max-width:767px){.elementor-2375 .elementor-element.elementor-element-9c714df{margin-top:-20px;margin-bottom:0px;padding:100px 0px 80px 0px;}.elementor-2375 .elementor-element.elementor-element-cecaab0 .elementor-heading-title{font-size:30px;}.elementor-2375 .elementor-element.elementor-element-0e5a525 .elementor-heading-title{font-size:30px;}.elementor-2375 .elementor-element.elementor-element-e3d1b3e{padding:40px 10px 40px 10px;}.elementor-2375 .elementor-element.elementor-element-ee4dcfb{font-size:var( --e-global-typography-text-font-size );}.elementor-2375 .elementor-element.elementor-element-a9ecd5d{padding:40px 10px 40px 10px;}.elementor-2375 .elementor-element.elementor-element-fce7903 .elementor-heading-title{font-size:30px;}.elementor-2375 .elementor-element.elementor-element-4c2ee4a .elementor-heading-title{font-size:var( --e-global-typography-d09097b-font-size );line-height:var( --e-global-typography-d09097b-line-height );letter-spacing:var( --e-global-typography-d09097b-letter-spacing );word-spacing:var( --e-global-typography-d09097b-word-spacing );}}<\/style>\t\t<div data-elementor-type=\"wp-page\" data-elementor-id=\"2375\" class=\"elementor elementor-2375 elementor-1490\" data-elementor-post-type=\"page\">\n\t\t\t\t\t\t<section class=\"elementor-section elementor-top-section elementor-element elementor-element-9c714df elementor-section-boxed elementor-section-height-default elementor-section-height-default\" data-id=\"9c714df\" data-element_type=\"section\" data-e-type=\"section\" data-settings=\"{&quot;background_background&quot;:&quot;classic&quot;}\">\n\t\t\t\t\t\t\t<div class=\"elementor-background-overlay\"><\/div>\n\t\t\t\t\t\t\t<div class=\"elementor-container elementor-column-gap-default\">\n\t\t\t\t\t<div class=\"elementor-column elementor-col-100 elementor-top-column elementor-element elementor-element-f299e5e\" data-id=\"f299e5e\" data-element_type=\"column\" data-e-type=\"column\">\n\t\t\t<div class=\"elementor-widget-wrap elementor-element-populated\">\n\t\t\t\t\t\t<div class=\"elementor-element elementor-element-cecaab0 elementor-widget elementor-widget-heading\" data-id=\"cecaab0\" data-element_type=\"widget\" data-e-type=\"widget\" data-widget_type=\"heading.default\">\n\t\t\t\t<div class=\"elementor-widget-container\">\n\t\t\t\t\t<h2 class=\"elementor-heading-title elementor-size-default\">ESG<\/h2>\t\t\t\t<\/div>\n\t\t\t\t<\/div>\n\t\t\t\t<div class=\"elementor-element elementor-element-0e5a525 elementor-widget elementor-widget-heading\" data-id=\"0e5a525\" data-element_type=\"widget\" data-e-type=\"widget\" data-widget_type=\"heading.default\">\n\t\t\t\t<div class=\"elementor-widget-container\">\n\t\t\t\t\t<h3 class=\"elementor-heading-title elementor-size-default\">Environnement, social, gouvernance.<\/h3>\t\t\t\t<\/div>\n\t\t\t\t<\/div>\n\t\t\t\t\t<\/div>\n\t\t<\/div>\n\t\t\t\t\t<\/div>\n\t\t<\/section>\n\t\t\t\t<section class=\"elementor-section elementor-top-section elementor-element elementor-element-e3d1b3e elementor-section-content-middle elementor-section-boxed elementor-section-height-default elementor-section-height-default\" data-id=\"e3d1b3e\" data-element_type=\"section\" data-e-type=\"section\" data-settings=\"{&quot;background_background&quot;:&quot;classic&quot;}\">\n\t\t\t\t\t\t<div class=\"elementor-container elementor-column-gap-default\">\n\t\t\t\t\t<div class=\"elementor-column elementor-col-100 elementor-top-column elementor-element elementor-element-e906ad7\" data-id=\"e906ad7\" data-element_type=\"column\" data-e-type=\"column\">\n\t\t\t<div class=\"elementor-widget-wrap elementor-element-populated\">\n\t\t\t\t\t\t<div class=\"elementor-element elementor-element-ee4dcfb elementor-widget elementor-widget-text-editor\" data-id=\"ee4dcfb\" data-element_type=\"widget\" data-e-type=\"widget\" data-widget_type=\"text-editor.default\">\n\t\t\t\t<div class=\"elementor-widget-container\">\n\t\t\t\t\t\t\t\t\t<p>Oros promeut un d\u00e9veloppement de plus en plus durable, qui garantisse simultan\u00e9ment croissance et bien-\u00eatre pour ses collaborateurs et le territoire, en adoptant des politiques d&rsquo;entreprise de plus en plus vertes.<\/p><p>Cette prise de conscience croissante nous a pouss\u00e9s \u00e0 r\u00e9diger le Rapport de durabilit\u00e9 qui repr\u00e9sente un pas significatif, car nous nous engageons \u00e0 rendre compte de mani\u00e8re volontaire des aspects ESG.<\/p><p>\u00c0 travers cet outil, nous entendons non seulement \u00e9valuer les cons\u00e9quences de nos op\u00e9rations, mais aussi identifier des opportunit\u00e9s pour am\u00e9liorer les pratiques et contribuer activement \u00e0 l&rsquo;atteinte de ces importants objectifs communs.<\/p>\t\t\t\t\t\t\t\t<\/div>\n\t\t\t\t<\/div>\n\t\t\t\t\t<\/div>\n\t\t<\/div>\n\t\t\t\t\t<\/div>\n\t\t<\/section>\n\t\t\t\t<section class=\"elementor-section elementor-top-section elementor-element elementor-element-a9ecd5d elementor-section-content-middle elementor-section-boxed elementor-section-height-default elementor-section-height-default\" data-id=\"a9ecd5d\" data-element_type=\"section\" data-e-type=\"section\" data-settings=\"{&quot;background_background&quot;:&quot;classic&quot;}\">\n\t\t\t\t\t\t<div class=\"elementor-container elementor-column-gap-default\">\n\t\t\t\t\t<div class=\"elementor-column elementor-col-100 elementor-top-column elementor-element elementor-element-18c4ff7\" data-id=\"18c4ff7\" data-element_type=\"column\" data-e-type=\"column\">\n\t\t\t<div class=\"elementor-widget-wrap elementor-element-populated\">\n\t\t\t\t\t\t<section class=\"elementor-section elementor-inner-section elementor-element elementor-element-075db0f elementor-section-boxed elementor-section-height-default elementor-section-height-default\" data-id=\"075db0f\" data-element_type=\"section\" data-e-type=\"section\">\n\t\t\t\t\t\t<div class=\"elementor-container elementor-column-gap-default\">\n\t\t\t\t\t<div class=\"elementor-column elementor-col-50 elementor-inner-column elementor-element elementor-element-6d8d71b\" data-id=\"6d8d71b\" data-element_type=\"column\" data-e-type=\"column\">\n\t\t\t<div class=\"elementor-widget-wrap elementor-element-populated\">\n\t\t\t\t\t\t<div class=\"elementor-element elementor-element-fce7903 elementor-widget elementor-widget-heading\" data-id=\"fce7903\" data-element_type=\"widget\" data-e-type=\"widget\" data-widget_type=\"heading.default\">\n\t\t\t\t<div class=\"elementor-widget-container\">\n\t\t\t\t\t<div class=\"elementor-heading-title elementor-size-default\">Rapport de d\u00e9veloppement durable 2024<\/div>\t\t\t\t<\/div>\n\t\t\t\t<\/div>\n\t\t\t\t<div class=\"elementor-element elementor-element-4c2ee4a elementor-widget elementor-widget-heading\" data-id=\"4c2ee4a\" data-element_type=\"widget\" data-e-type=\"widget\" data-widget_type=\"heading.default\">\n\t\t\t\t<div class=\"elementor-widget-container\">\n\t\t\t\t\t<div class=\"elementor-heading-title elementor-size-default\">(PDF - 7 MB)<\/div>\t\t\t\t<\/div>\n\t\t\t\t<\/div>\n\t\t\t\t\t<\/div>\n\t\t<\/div>\n\t\t\t\t<div class=\"elementor-column elementor-col-50 elementor-inner-column elementor-element elementor-element-98f1cbf\" data-id=\"98f1cbf\" data-element_type=\"column\" data-e-type=\"column\">\n\t\t\t<div class=\"elementor-widget-wrap elementor-element-populated\">\n\t\t\t\t\t\t<div class=\"elementor-element elementor-element-c47b78c elementor-button-info elementor-align-right elementor-widget elementor-widget-button\" data-id=\"c47b78c\" data-element_type=\"widget\" data-e-type=\"widget\" data-widget_type=\"button.default\">\n\t\t\t\t<div class=\"elementor-widget-container\">\n\t\t\t\t\t\t\t\t\t<div class=\"elementor-button-wrapper\">\n\t\t\t\t\t<a class=\"elementor-button elementor-button-link elementor-size-sm\" href=\"https:\/\/www.oros.it\/wp-content\/uploads\/2026\/01\/OROS_Report_di_Sostenibilita_2024-compresso.pdf\">\n\t\t\t\t\t\t<span class=\"elementor-button-content-wrapper\">\n\t\t\t\t\t\t<span class=\"elementor-button-icon\">\n\t\t\t\t<i aria-hidden=\"true\" class=\"far fa-file-pdf\"><\/i>\t\t\t<\/span>\n\t\t\t\t\t\t\t\t\t<span class=\"elementor-button-text\">T\u00e9l\u00e9charger le fichier<\/span>\n\t\t\t\t\t<\/span>\n\t\t\t\t\t<\/a>\n\t\t\t\t<\/div>\n\t\t\t\t\t\t\t\t<\/div>\n\t\t\t\t<\/div>\n\t\t\t\t\t<\/div>\n\t\t<\/div>\n\t\t\t\t\t<\/div>\n\t\t<\/section>\n\t\t\t\t\t<\/div>\n\t\t<\/div>\n\t\t\t\t\t<\/div>\n\t\t<\/section>\n\t\t\t\t<\/div>\n\t\t","protected":false},"excerpt":{"rendered":"<p>Environnement, social, gouvernance. Oros promeut un d\u00e9veloppement de plus en plus durable, qui garantisse simultan\u00e9ment croissance et bien-\u00eatre pour ses collaborateurs et le territoire, en adoptant des politiques d&rsquo;entreprise de plus en plus vertes. Cette prise de conscience croissante nous a pouss\u00e9s \u00e0 r\u00e9diger le Rapport de durabilit\u00e9 qui repr\u00e9sente un pas significatif, car nous [&hellip;]<\/p>\n","protected":false},"author":4,"featured_media":0,"parent":0,"menu_order":0,"comment_status":"closed","ping_status":"closed","template":"","meta":{"footnotes":""},"class_list":["post-2375","page","type-page","status-publish","hentry"],"yoast_head":"<!-- This site is optimized with the Yoast SEO plugin v27.4 - https:\/\/yoast.com\/product\/yoast-seo-wordpress\/ -->\n<title>ESG - Oros<\/title>\n<meta name=\"robots\" content=\"index, follow, max-snippet:-1, max-image-preview:large, max-video-preview:-1\" \/>\n<link rel=\"canonical\" href=\"https:\/\/www.oros.it\/fr\/esg\/\" \/>\n<meta property=\"og:locale\" content=\"fr_FR\" \/>\n<meta property=\"og:type\" content=\"article\" \/>\n<meta property=\"og:title\" content=\"ESG - Oros\" \/>\n<meta property=\"og:description\" content=\"Environnement, social, gouvernance. Oros promeut un d\u00e9veloppement de plus en plus durable, qui garantisse simultan\u00e9ment croissance et bien-\u00eatre pour ses collaborateurs et le territoire, en adoptant des politiques d&rsquo;entreprise de plus en plus vertes. Cette prise de conscience croissante nous a pouss\u00e9s \u00e0 r\u00e9diger le Rapport de durabilit\u00e9 qui repr\u00e9sente un pas significatif, car nous [&hellip;]\" \/>\n<meta property=\"og:url\" content=\"https:\/\/www.oros.it\/fr\/esg\/\" \/>\n<meta property=\"og:site_name\" content=\"Oros\" \/>\n<meta property=\"article:publisher\" content=\"https:\/\/www.facebook.com\/profile.php?id=61586730999268\" \/>\n<meta property=\"article:modified_time\" content=\"2026-03-14T11:46:21+00:00\" \/>\n<meta name=\"twitter:card\" content=\"summary_large_image\" \/>\n<meta name=\"twitter:label1\" content=\"Dur\u00e9e de lecture estim\u00e9e\" \/>\n\t<meta name=\"twitter:data1\" content=\"1 minute\" \/>\n<script type=\"application\/ld+json\" class=\"yoast-schema-graph\">{\"@context\":\"https:\\\/\\\/schema.org\",\"@graph\":[{\"@type\":\"WebPage\",\"@id\":\"https:\\\/\\\/www.oros.it\\\/fr\\\/esg\\\/\",\"url\":\"https:\\\/\\\/www.oros.it\\\/fr\\\/esg\\\/\",\"name\":\"ESG - Oros\",\"isPartOf\":{\"@id\":\"https:\\\/\\\/www.oros.it\\\/#website\"},\"datePublished\":\"2025-03-12T10:03:25+00:00\",\"dateModified\":\"2026-03-14T11:46:21+00:00\",\"breadcrumb\":{\"@id\":\"https:\\\/\\\/www.oros.it\\\/fr\\\/esg\\\/#breadcrumb\"},\"inLanguage\":\"fr-FR\",\"potentialAction\":[{\"@type\":\"ReadAction\",\"target\":[\"https:\\\/\\\/www.oros.it\\\/fr\\\/esg\\\/\"]}]},{\"@type\":\"BreadcrumbList\",\"@id\":\"https:\\\/\\\/www.oros.it\\\/fr\\\/esg\\\/#breadcrumb\",\"itemListElement\":[{\"@type\":\"ListItem\",\"position\":1,\"name\":\"Home\",\"item\":\"https:\\\/\\\/www.oros.it\\\/fr\\\/\"},{\"@type\":\"ListItem\",\"position\":2,\"name\":\"ESG\"}]},{\"@type\":\"WebSite\",\"@id\":\"https:\\\/\\\/www.oros.it\\\/#website\",\"url\":\"https:\\\/\\\/www.oros.it\\\/\",\"name\":\"Oros\",\"description\":\"Spirit of Precision\",\"publisher\":{\"@id\":\"https:\\\/\\\/www.oros.it\\\/#organization\"},\"potentialAction\":[{\"@type\":\"SearchAction\",\"target\":{\"@type\":\"EntryPoint\",\"urlTemplate\":\"https:\\\/\\\/www.oros.it\\\/?s={search_term_string}\"},\"query-input\":{\"@type\":\"PropertyValueSpecification\",\"valueRequired\":true,\"valueName\":\"search_term_string\"}}],\"inLanguage\":\"fr-FR\"},{\"@type\":\"Organization\",\"@id\":\"https:\\\/\\\/www.oros.it\\\/#organization\",\"name\":\"Oros\",\"url\":\"https:\\\/\\\/www.oros.it\\\/\",\"logo\":{\"@type\":\"ImageObject\",\"inLanguage\":\"fr-FR\",\"@id\":\"https:\\\/\\\/www.oros.it\\\/#\\\/schema\\\/logo\\\/image\\\/\",\"url\":\"https:\\\/\\\/www.oros.it\\\/wp-content\\\/uploads\\\/2023\\\/07\\\/logo-oros.png\",\"contentUrl\":\"https:\\\/\\\/www.oros.it\\\/wp-content\\\/uploads\\\/2023\\\/07\\\/logo-oros.png\",\"width\":800,\"height\":135,\"caption\":\"Oros\"},\"image\":{\"@id\":\"https:\\\/\\\/www.oros.it\\\/#\\\/schema\\\/logo\\\/image\\\/\"},\"sameAs\":[\"https:\\\/\\\/www.facebook.com\\\/profile.php?id=61586730999268\",\"https:\\\/\\\/www.instagram.com\\\/oros_micromechanics\\\/\"]}]}<\/script>\n<!-- \/ Yoast SEO plugin. -->","yoast_head_json":{"title":"ESG - Oros","robots":{"index":"index","follow":"follow","max-snippet":"max-snippet:-1","max-image-preview":"max-image-preview:large","max-video-preview":"max-video-preview:-1"},"canonical":"https:\/\/www.oros.it\/fr\/esg\/","og_locale":"fr_FR","og_type":"article","og_title":"ESG - Oros","og_description":"Environnement, social, gouvernance. Oros promeut un d\u00e9veloppement de plus en plus durable, qui garantisse simultan\u00e9ment croissance et bien-\u00eatre pour ses collaborateurs et le territoire, en adoptant des politiques d&rsquo;entreprise de plus en plus vertes. Cette prise de conscience croissante nous a pouss\u00e9s \u00e0 r\u00e9diger le Rapport de durabilit\u00e9 qui repr\u00e9sente un pas significatif, car nous [&hellip;]","og_url":"https:\/\/www.oros.it\/fr\/esg\/","og_site_name":"Oros","article_publisher":"https:\/\/www.facebook.com\/profile.php?id=61586730999268","article_modified_time":"2026-03-14T11:46:21+00:00","twitter_card":"summary_large_image","twitter_misc":{"Dur\u00e9e de lecture estim\u00e9e":"1 minute"},"schema":{"@context":"https:\/\/schema.org","@graph":[{"@type":"WebPage","@id":"https:\/\/www.oros.it\/fr\/esg\/","url":"https:\/\/www.oros.it\/fr\/esg\/","name":"ESG - Oros","isPartOf":{"@id":"https:\/\/www.oros.it\/#website"},"datePublished":"2025-03-12T10:03:25+00:00","dateModified":"2026-03-14T11:46:21+00:00","breadcrumb":{"@id":"https:\/\/www.oros.it\/fr\/esg\/#breadcrumb"},"inLanguage":"fr-FR","potentialAction":[{"@type":"ReadAction","target":["https:\/\/www.oros.it\/fr\/esg\/"]}]},{"@type":"BreadcrumbList","@id":"https:\/\/www.oros.it\/fr\/esg\/#breadcrumb","itemListElement":[{"@type":"ListItem","position":1,"name":"Home","item":"https:\/\/www.oros.it\/fr\/"},{"@type":"ListItem","position":2,"name":"ESG"}]},{"@type":"WebSite","@id":"https:\/\/www.oros.it\/#website","url":"https:\/\/www.oros.it\/","name":"Oros","description":"Spirit of Precision","publisher":{"@id":"https:\/\/www.oros.it\/#organization"},"potentialAction":[{"@type":"SearchAction","target":{"@type":"EntryPoint","urlTemplate":"https:\/\/www.oros.it\/?s={search_term_string}"},"query-input":{"@type":"PropertyValueSpecification","valueRequired":true,"valueName":"search_term_string"}}],"inLanguage":"fr-FR"},{"@type":"Organization","@id":"https:\/\/www.oros.it\/#organization","name":"Oros","url":"https:\/\/www.oros.it\/","logo":{"@type":"ImageObject","inLanguage":"fr-FR","@id":"https:\/\/www.oros.it\/#\/schema\/logo\/image\/","url":"https:\/\/www.oros.it\/wp-content\/uploads\/2023\/07\/logo-oros.png","contentUrl":"https:\/\/www.oros.it\/wp-content\/uploads\/2023\/07\/logo-oros.png","width":800,"height":135,"caption":"Oros"},"image":{"@id":"https:\/\/www.oros.it\/#\/schema\/logo\/image\/"},"sameAs":["https:\/\/www.facebook.com\/profile.php?id=61586730999268","https:\/\/www.instagram.com\/oros_micromechanics\/"]}]}},"_links":{"self":[{"href":"https:\/\/www.oros.it\/fr\/wp-json\/wp\/v2\/pages\/2375","targetHints":{"allow":["GET"]}}],"collection":[{"href":"https:\/\/www.oros.it\/fr\/wp-json\/wp\/v2\/pages"}],"about":[{"href":"https:\/\/www.oros.it\/fr\/wp-json\/wp\/v2\/types\/page"}],"author":[{"embeddable":true,"href":"https:\/\/www.oros.it\/fr\/wp-json\/wp\/v2\/users\/4"}],"replies":[{"embeddable":true,"href":"https:\/\/www.oros.it\/fr\/wp-json\/wp\/v2\/comments?post=2375"}],"version-history":[{"count":1,"href":"https:\/\/www.oros.it\/fr\/wp-json\/wp\/v2\/pages\/2375\/revisions"}],"predecessor-version":[{"id":2376,"href":"https:\/\/www.oros.it\/fr\/wp-json\/wp\/v2\/pages\/2375\/revisions\/2376"}],"wp:attachment":[{"href":"https:\/\/www.oros.it\/fr\/wp-json\/wp\/v2\/media?parent=2375"}],"curies":[{"name":"wp","href":"https:\/\/api.w.org\/{rel}","templated":true}]}}